{"id":4084,"date":"2022-12-20T08:49:53","date_gmt":"2022-12-20T07:49:53","guid":{"rendered":"https:\/\/refleks-olieovne.dk\/oeloefen\/"},"modified":"2023-01-23T12:37:46","modified_gmt":"2023-01-23T11:37:46","slug":"oeloefen","status":"publish","type":"page","link":"https:\/\/refleks-olieovne.dk\/de\/oeloefen\/","title":{"rendered":"\u00d6l\u00f6fen"},"content":{"rendered":"<section class=\"wpb-content-wrapper\"><p>[vc_row full_width=&#8220;stretch_row&#8220;][vc_column]<div class=\"ult-spacer spacer-69e018af433fe\" data-id=\"69e018af433fe\" data-height=\"90\" data-height-mobile=\"60\" data-height-tab=\"90\" data-height-tab-portrait=\"60\" data-height-mobile-landscape=\"60\" style=\"clear:both;display:block;\"><\/div>[vc_row_inner][vc_column_inner offset=&#8220;vc_col-lg-8 vc_col-md-8 vc_col-xs-12&#8243;][vc_column_text]<\/p>\n<h1>\u00d6l\u00f6fen<\/h1>\n<p>Die meisten \u00d6fen k\u00f6nnen auch in Kupfer oder Messing geliefert werden.[\/vc_column_text][\/vc_column_inner][vc_column_inner offset=&#8220;vc_col-lg-4 vc_col-md-4 vc_col-xs-12&#8243;][\/vc_column_inner][\/vc_row_inner]<div class=\"ult-spacer spacer-69e018af4344b\" data-id=\"69e018af4344b\" data-height=\"60\" data-height-mobile=\"30\" data-height-tab=\"60\" data-height-tab-portrait=\"30\" data-height-mobile-landscape=\"30\" style=\"clear:both;display:block;\"><\/div>[vc_basic_grid post_type=&#8220;produkter&#8220; max_items=&#8220;-1&#8243; show_filter=&#8220;yes&#8220; element_width=&#8220;3&#8243; order=&#8220;ASC&#8220; filter_style=&#8220;bordered-rounded-less&#8220; filter_default_title=&#8220;Alle&#8220; filter_size=&#8220;lg&#8220; item=&#8220;4243&#8243; grid_id=&#8220;vc_gid:1674473857150-580713ca-ae67-4&#8243; taxonomies=&#8220;16, 17, 18, 19, 20&#8243; filter_source=&#8220;produktkategori&#8220;]<div class=\"ult-spacer spacer-69e018af4348e\" data-id=\"69e018af4348e\" data-height=\"90\" data-height-mobile=\"60\" data-height-tab=\"90\" data-height-tab-portrait=\"60\" data-height-mobile-landscape=\"60\" style=\"clear:both;display:block;\"><\/div>[\/vc_column][\/vc_row]<\/p>\n<\/section>","protected":false},"excerpt":{"rendered":"<p>[vc_row full_width=&#8220;stretch_row&#8220;][vc_column][vc_row_inner][vc_column_inner offset=&#8220;vc_col-lg-8 vc_col-md-8 vc_col-xs-12&#8243;][vc_column_text] \u00d6l\u00f6fen Die meisten \u00d6fen k\u00f6nnen auch in Kupfer oder Messing geliefert werden.[\/vc_column_text][\/vc_column_inner][vc_column_inner offset=&#8220;vc_col-lg-4 vc_col-md-4 vc_col-xs-12&#8243;][\/vc_column_inner][\/vc_row_inner][vc_basic_grid post_type=&#8220;produkter&#8220; max_items=&#8220;-1&#8243; show_filter=&#8220;yes&#8220; element_width=&#8220;3&#8243; order=&#8220;ASC&#8220; filter_style=&#8220;bordered-rounded-less&#8220; filter_default_title=&#8220;Alle&#8220; filter_size=&#8220;lg&#8220; item=&#8220;4243&#8243; grid_id=&#8220;vc_gid:1674473857150-580713ca-ae67-4&#8243; taxonomies=&#8220;16, 17, 18, 19, 20&#8243; filter_source=&#8220;produktkategori&#8220;][\/vc_column][\/vc_row]<\/p>\n","protected":false},"author":1,"featured_media":0,"parent":0,"menu_order":2,"comment_status":"closed","ping_status":"closed","template":"","meta":{"footnotes":""},"categories":[],"acf":[],"yoast_head":"<!-- This site is optimized with the Yoast SEO plugin v20.10 - https:\/\/yoast.com\/wordpress\/plugins\/seo\/ -->\n<title>\u00d6l\u00f6fen &middot; Refleks Olieovne A\/S<\/title>\n<meta name=\"robots\" content=\"index, follow, max-snippet:-1, max-image-preview:large, max-video-preview:-1\" \/>\n<link rel=\"canonical\" href=\"https:\/\/refleks-olieovne.dk\/de\/oeloefen\/\" \/>\n<meta property=\"og:locale\" content=\"de_DE\" \/>\n<meta property=\"og:type\" content=\"article\" \/>\n<meta property=\"og:title\" content=\"\u00d6l\u00f6fen &middot; Refleks Olieovne A\/S\" \/>\n<meta property=\"og:description\" content=\"[vc_row full_width=&#8220;stretch_row&#8220;][vc_column][vc_row_inner][vc_column_inner offset=&#8220;vc_col-lg-8 vc_col-md-8 vc_col-xs-12&#8243;][vc_column_text] \u00d6l\u00f6fen Die meisten \u00d6fen k\u00f6nnen auch in Kupfer oder Messing geliefert werden.[\/vc_column_text][\/vc_column_inner][vc_column_inner offset=&#8220;vc_col-lg-4 vc_col-md-4 vc_col-xs-12&#8243;][\/vc_column_inner][\/vc_row_inner][vc_basic_grid post_type=&#8220;produkter&#8220; max_items=&#8220;-1&#8243; show_filter=&#8220;yes&#8220; element_width=&#8220;3&#8243; order=&#8220;ASC&#8220; filter_style=&#8220;bordered-rounded-less&#8220; filter_default_title=&#8220;Alle&#8220; filter_size=&#8220;lg&#8220; item=&#8220;4243&#8243; grid_id=&#8220;vc_gid:1674473857150-580713ca-ae67-4&#8243; taxonomies=&#8220;16, 17, 18, 19, 20&#8243; filter_source=&#8220;produktkategori&#8220;][\/vc_column][\/vc_row]\" \/>\n<meta property=\"og:url\" content=\"https:\/\/refleks-olieovne.dk\/de\/oeloefen\/\" \/>\n<meta property=\"og:site_name\" content=\"Refleks Olieovne A\/S\" \/>\n<meta property=\"article:modified_time\" content=\"2023-01-23T11:37:46+00:00\" \/>\n<meta name=\"twitter:card\" content=\"summary_large_image\" \/>\n<meta name=\"twitter:label1\" content=\"Gesch\u00e4tzte Lesezeit\" \/>\n\t<meta name=\"twitter:data1\" content=\"1\u00a0Minute\" \/>\n<script type=\"application\/ld+json\" class=\"yoast-schema-graph\">{\"@context\":\"https:\/\/schema.org\",\"@graph\":[{\"@type\":\"WebPage\",\"@id\":\"https:\/\/refleks-olieovne.dk\/de\/oeloefen\/\",\"url\":\"https:\/\/refleks-olieovne.dk\/de\/oeloefen\/\",\"name\":\"\u00d6l\u00f6fen &middot; Refleks Olieovne A\/S\",\"isPartOf\":{\"@id\":\"https:\/\/refleks-olieovne.dk\/de\/#website\"},\"datePublished\":\"2022-12-20T07:49:53+00:00\",\"dateModified\":\"2023-01-23T11:37:46+00:00\",\"breadcrumb\":{\"@id\":\"https:\/\/refleks-olieovne.dk\/de\/oeloefen\/#breadcrumb\"},\"inLanguage\":\"de\",\"potentialAction\":[{\"@type\":\"ReadAction\",\"target\":[\"https:\/\/refleks-olieovne.dk\/de\/oeloefen\/\"]}]},{\"@type\":\"BreadcrumbList\",\"@id\":\"https:\/\/refleks-olieovne.dk\/de\/oeloefen\/#breadcrumb\",\"itemListElement\":[{\"@type\":\"ListItem\",\"position\":1,\"name\":\"Hjem\",\"item\":\"https:\/\/refleks-olieovne.dk\/de\/\"},{\"@type\":\"ListItem\",\"position\":2,\"name\":\"\u00d6l\u00f6fen\"}]},{\"@type\":\"WebSite\",\"@id\":\"https:\/\/refleks-olieovne.dk\/de\/#website\",\"url\":\"https:\/\/refleks-olieovne.dk\/de\/\",\"name\":\"Refleks Olieovne A\/S\",\"description\":\"Refleks Olieovne og skibsovne\",\"publisher\":{\"@id\":\"https:\/\/refleks-olieovne.dk\/de\/#organization\"},\"potentialAction\":[{\"@type\":\"SearchAction\",\"target\":{\"@type\":\"EntryPoint\",\"urlTemplate\":\"https:\/\/refleks-olieovne.dk\/de\/?s={search_term_string}\"},\"query-input\":\"required name=search_term_string\"}],\"inLanguage\":\"de\"},{\"@type\":\"Organization\",\"@id\":\"https:\/\/refleks-olieovne.dk\/de\/#organization\",\"name\":\"Refleks Olieovne A\/S\",\"url\":\"https:\/\/refleks-olieovne.dk\/de\/\",\"logo\":{\"@type\":\"ImageObject\",\"inLanguage\":\"de\",\"@id\":\"https:\/\/refleks-olieovne.dk\/de\/#\/schema\/logo\/image\/\",\"url\":\"https:\/\/refleks-olieovne.dk\/wp-content\/uploads\/2022\/12\/logo-refleks-white.png\",\"contentUrl\":\"https:\/\/refleks-olieovne.dk\/wp-content\/uploads\/2022\/12\/logo-refleks-white.png\",\"width\":374,\"height\":98,\"caption\":\"Refleks Olieovne A\/S\"},\"image\":{\"@id\":\"https:\/\/refleks-olieovne.dk\/de\/#\/schema\/logo\/image\/\"}}]}<\/script>\n<!-- \/ Yoast SEO plugin. -->","yoast_head_json":{"title":"\u00d6l\u00f6fen &middot; Refleks Olieovne A\/S","robots":{"index":"index","follow":"follow","max-snippet":"max-snippet:-1","max-image-preview":"max-image-preview:large","max-video-preview":"max-video-preview:-1"},"canonical":"https:\/\/refleks-olieovne.dk\/de\/oeloefen\/","og_locale":"de_DE","og_type":"article","og_title":"\u00d6l\u00f6fen &middot; Refleks Olieovne A\/S","og_description":"[vc_row full_width=&#8220;stretch_row&#8220;][vc_column][vc_row_inner][vc_column_inner offset=&#8220;vc_col-lg-8 vc_col-md-8 vc_col-xs-12&#8243;][vc_column_text] \u00d6l\u00f6fen Die meisten \u00d6fen k\u00f6nnen auch in Kupfer oder Messing geliefert werden.[\/vc_column_text][\/vc_column_inner][vc_column_inner offset=&#8220;vc_col-lg-4 vc_col-md-4 vc_col-xs-12&#8243;][\/vc_column_inner][\/vc_row_inner][vc_basic_grid post_type=&#8220;produkter&#8220; max_items=&#8220;-1&#8243; show_filter=&#8220;yes&#8220; element_width=&#8220;3&#8243; order=&#8220;ASC&#8220; filter_style=&#8220;bordered-rounded-less&#8220; filter_default_title=&#8220;Alle&#8220; filter_size=&#8220;lg&#8220; item=&#8220;4243&#8243; grid_id=&#8220;vc_gid:1674473857150-580713ca-ae67-4&#8243; taxonomies=&#8220;16, 17, 18, 19, 20&#8243; filter_source=&#8220;produktkategori&#8220;][\/vc_column][\/vc_row]","og_url":"https:\/\/refleks-olieovne.dk\/de\/oeloefen\/","og_site_name":"Refleks Olieovne A\/S","article_modified_time":"2023-01-23T11:37:46+00:00","twitter_card":"summary_large_image","twitter_misc":{"Gesch\u00e4tzte Lesezeit":"1\u00a0Minute"},"schema":{"@context":"https:\/\/schema.org","@graph":[{"@type":"WebPage","@id":"https:\/\/refleks-olieovne.dk\/de\/oeloefen\/","url":"https:\/\/refleks-olieovne.dk\/de\/oeloefen\/","name":"\u00d6l\u00f6fen &middot; Refleks Olieovne A\/S","isPartOf":{"@id":"https:\/\/refleks-olieovne.dk\/de\/#website"},"datePublished":"2022-12-20T07:49:53+00:00","dateModified":"2023-01-23T11:37:46+00:00","breadcrumb":{"@id":"https:\/\/refleks-olieovne.dk\/de\/oeloefen\/#breadcrumb"},"inLanguage":"de","potentialAction":[{"@type":"ReadAction","target":["https:\/\/refleks-olieovne.dk\/de\/oeloefen\/"]}]},{"@type":"BreadcrumbList","@id":"https:\/\/refleks-olieovne.dk\/de\/oeloefen\/#breadcrumb","itemListElement":[{"@type":"ListItem","position":1,"name":"Hjem","item":"https:\/\/refleks-olieovne.dk\/de\/"},{"@type":"ListItem","position":2,"name":"\u00d6l\u00f6fen"}]},{"@type":"WebSite","@id":"https:\/\/refleks-olieovne.dk\/de\/#website","url":"https:\/\/refleks-olieovne.dk\/de\/","name":"Refleks Olieovne A\/S","description":"Refleks Olieovne og skibsovne","publisher":{"@id":"https:\/\/refleks-olieovne.dk\/de\/#organization"},"potentialAction":[{"@type":"SearchAction","target":{"@type":"EntryPoint","urlTemplate":"https:\/\/refleks-olieovne.dk\/de\/?s={search_term_string}"},"query-input":"required name=search_term_string"}],"inLanguage":"de"},{"@type":"Organization","@id":"https:\/\/refleks-olieovne.dk\/de\/#organization","name":"Refleks Olieovne A\/S","url":"https:\/\/refleks-olieovne.dk\/de\/","logo":{"@type":"ImageObject","inLanguage":"de","@id":"https:\/\/refleks-olieovne.dk\/de\/#\/schema\/logo\/image\/","url":"https:\/\/refleks-olieovne.dk\/wp-content\/uploads\/2022\/12\/logo-refleks-white.png","contentUrl":"https:\/\/refleks-olieovne.dk\/wp-content\/uploads\/2022\/12\/logo-refleks-white.png","width":374,"height":98,"caption":"Refleks Olieovne A\/S"},"image":{"@id":"https:\/\/refleks-olieovne.dk\/de\/#\/schema\/logo\/image\/"}}]}},"_links":{"self":[{"href":"https:\/\/refleks-olieovne.dk\/de\/wp-json\/wp\/v2\/pages\/4084"}],"collection":[{"href":"https:\/\/refleks-olieovne.dk\/de\/wp-json\/wp\/v2\/pages"}],"about":[{"href":"https:\/\/refleks-olieovne.dk\/de\/wp-json\/wp\/v2\/types\/page"}],"author":[{"embeddable":true,"href":"https:\/\/refleks-olieovne.dk\/de\/wp-json\/wp\/v2\/users\/1"}],"replies":[{"embeddable":true,"href":"https:\/\/refleks-olieovne.dk\/de\/wp-json\/wp\/v2\/comments?post=4084"}],"version-history":[{"count":2,"href":"https:\/\/refleks-olieovne.dk\/de\/wp-json\/wp\/v2\/pages\/4084\/revisions"}],"predecessor-version":[{"id":4248,"href":"https:\/\/refleks-olieovne.dk\/de\/wp-json\/wp\/v2\/pages\/4084\/revisions\/4248"}],"wp:attachment":[{"href":"https:\/\/refleks-olieovne.dk\/de\/wp-json\/wp\/v2\/media?parent=4084"}],"wp:term":[{"taxonomy":"category","embeddable":true,"href":"https:\/\/refleks-olieovne.dk\/de\/wp-json\/wp\/v2\/categories?post=4084"}],"curies":[{"name":"wp","href":"https:\/\/api.w.org\/{rel}","templated":true}]}}