{"id":4090,"date":"2022-12-20T08:49:53","date_gmt":"2022-12-20T07:49:53","guid":{"rendered":"https:\/\/refleks-olieovne.dk\/katalog\/"},"modified":"2024-01-19T15:13:17","modified_gmt":"2024-01-19T14:13:17","slug":"katalog","status":"publish","type":"page","link":"https:\/\/refleks-olieovne.dk\/de\/katalog\/","title":{"rendered":"Katalog"},"content":{"rendered":"<section class=\"wpb-content-wrapper\"><p>[vc_row full_width=&#8220;stretch_row&#8220;][vc_column]<div class=\"ult-spacer spacer-69e5ade8ae04a\" data-id=\"69e5ade8ae04a\" data-height=\"90\" data-height-mobile=\"60\" data-height-tab=\"90\" data-height-tab-portrait=\"60\" data-height-mobile-landscape=\"60\" style=\"clear:both;display:block;\"><\/div>[vc_row_inner][vc_column_inner offset=&#8220;vc_col-lg-8 vc_col-md-8 vc_col-xs-12&#8243;][vc_column_text]<\/p>\n<h1>Katalog<\/h1>\n<p>Um das PDF-Format in Ihrem Browser lesen zu k\u00f6nnen, m\u00fcssen Sie ein Plug-in, Adobe Acrobat Reader, installiert haben. Wenn Sie dieses Plug-in noch nicht haben, k\u00f6nnen Sie es hier herunterladen.<\/p>\n<p><a href=\"https:\/\/refleks-olieovne.dk\/wp-content\/uploads\/2024\/01\/brochure-ny.pdf\" target=\"_blank\" rel=\"noopener\">Katalog herunterladen<\/a>[\/vc_column_text][\/vc_column_inner][vc_column_inner offset=&#8220;vc_col-lg-4 vc_col-md-4 vc_col-xs-12&#8243;][\/vc_column_inner][\/vc_row_inner]<div class=\"ult-spacer spacer-69e5ade8ae0b4\" data-id=\"69e5ade8ae0b4\" data-height=\"90\" data-height-mobile=\"60\" data-height-tab=\"90\" data-height-tab-portrait=\"60\" data-height-mobile-landscape=\"60\" style=\"clear:both;display:block;\"><\/div>[\/vc_column][\/vc_row]<\/p>\n<\/section>","protected":false},"excerpt":{"rendered":"<p>[vc_row full_width=&#8220;stretch_row&#8220;][vc_column][vc_row_inner][vc_column_inner offset=&#8220;vc_col-lg-8 vc_col-md-8 vc_col-xs-12&#8243;][vc_column_text] Katalog Um das PDF-Format in Ihrem Browser lesen zu k\u00f6nnen, m\u00fcssen Sie ein Plug-in, Adobe Acrobat Reader, installiert haben. Wenn Sie dieses Plug-in noch nicht haben, k\u00f6nnen Sie es hier herunterladen. Katalog herunterladen[\/vc_column_text][\/vc_column_inner][vc_column_inner offset=&#8220;vc_col-lg-4 vc_col-md-4 vc_col-xs-12&#8243;][\/vc_column_inner][\/vc_row_inner][\/vc_column][\/vc_row]<\/p>\n","protected":false},"author":1,"featured_media":0,"parent":0,"menu_order":4,"comment_status":"closed","ping_status":"closed","template":"","meta":{"footnotes":""},"categories":[],"acf":[],"yoast_head":"<!-- This site is optimized with the Yoast SEO plugin v20.10 - https:\/\/yoast.com\/wordpress\/plugins\/seo\/ -->\n<title>Katalog &middot; Refleks Olieovne A\/S<\/title>\n<meta name=\"robots\" content=\"index, follow, max-snippet:-1, max-image-preview:large, max-video-preview:-1\" \/>\n<link rel=\"canonical\" href=\"https:\/\/refleks-olieovne.dk\/de\/katalog\/\" \/>\n<meta property=\"og:locale\" content=\"de_DE\" \/>\n<meta property=\"og:type\" content=\"article\" \/>\n<meta property=\"og:title\" content=\"Katalog &middot; Refleks Olieovne A\/S\" \/>\n<meta property=\"og:description\" content=\"[vc_row full_width=&#8220;stretch_row&#8220;][vc_column][vc_row_inner][vc_column_inner offset=&#8220;vc_col-lg-8 vc_col-md-8 vc_col-xs-12&#8243;][vc_column_text] Katalog Um das PDF-Format in Ihrem Browser lesen zu k\u00f6nnen, m\u00fcssen Sie ein Plug-in, Adobe Acrobat Reader, installiert haben. Wenn Sie dieses Plug-in noch nicht haben, k\u00f6nnen Sie es hier herunterladen. Katalog herunterladen[\/vc_column_text][\/vc_column_inner][vc_column_inner offset=&#8220;vc_col-lg-4 vc_col-md-4 vc_col-xs-12&#8243;][\/vc_column_inner][\/vc_row_inner][\/vc_column][\/vc_row]\" \/>\n<meta property=\"og:url\" content=\"https:\/\/refleks-olieovne.dk\/de\/katalog\/\" \/>\n<meta property=\"og:site_name\" content=\"Refleks Olieovne A\/S\" \/>\n<meta property=\"article:modified_time\" content=\"2024-01-19T14:13:17+00:00\" \/>\n<meta name=\"twitter:card\" content=\"summary_large_image\" \/>\n<meta name=\"twitter:label1\" content=\"Gesch\u00e4tzte Lesezeit\" \/>\n\t<meta name=\"twitter:data1\" content=\"1\u00a0Minute\" \/>\n<script type=\"application\/ld+json\" class=\"yoast-schema-graph\">{\"@context\":\"https:\/\/schema.org\",\"@graph\":[{\"@type\":\"WebPage\",\"@id\":\"https:\/\/refleks-olieovne.dk\/de\/katalog\/\",\"url\":\"https:\/\/refleks-olieovne.dk\/de\/katalog\/\",\"name\":\"Katalog &middot; Refleks Olieovne A\/S\",\"isPartOf\":{\"@id\":\"https:\/\/refleks-olieovne.dk\/de\/#website\"},\"datePublished\":\"2022-12-20T07:49:53+00:00\",\"dateModified\":\"2024-01-19T14:13:17+00:00\",\"breadcrumb\":{\"@id\":\"https:\/\/refleks-olieovne.dk\/de\/katalog\/#breadcrumb\"},\"inLanguage\":\"de\",\"potentialAction\":[{\"@type\":\"ReadAction\",\"target\":[\"https:\/\/refleks-olieovne.dk\/de\/katalog\/\"]}]},{\"@type\":\"BreadcrumbList\",\"@id\":\"https:\/\/refleks-olieovne.dk\/de\/katalog\/#breadcrumb\",\"itemListElement\":[{\"@type\":\"ListItem\",\"position\":1,\"name\":\"Hjem\",\"item\":\"https:\/\/refleks-olieovne.dk\/de\/\"},{\"@type\":\"ListItem\",\"position\":2,\"name\":\"Katalog\"}]},{\"@type\":\"WebSite\",\"@id\":\"https:\/\/refleks-olieovne.dk\/de\/#website\",\"url\":\"https:\/\/refleks-olieovne.dk\/de\/\",\"name\":\"Refleks Olieovne A\/S\",\"description\":\"Refleks Olieovne og skibsovne\",\"publisher\":{\"@id\":\"https:\/\/refleks-olieovne.dk\/de\/#organization\"},\"potentialAction\":[{\"@type\":\"SearchAction\",\"target\":{\"@type\":\"EntryPoint\",\"urlTemplate\":\"https:\/\/refleks-olieovne.dk\/de\/?s={search_term_string}\"},\"query-input\":\"required name=search_term_string\"}],\"inLanguage\":\"de\"},{\"@type\":\"Organization\",\"@id\":\"https:\/\/refleks-olieovne.dk\/de\/#organization\",\"name\":\"Refleks Olieovne A\/S\",\"url\":\"https:\/\/refleks-olieovne.dk\/de\/\",\"logo\":{\"@type\":\"ImageObject\",\"inLanguage\":\"de\",\"@id\":\"https:\/\/refleks-olieovne.dk\/de\/#\/schema\/logo\/image\/\",\"url\":\"https:\/\/refleks-olieovne.dk\/wp-content\/uploads\/2022\/12\/logo-refleks-white.png\",\"contentUrl\":\"https:\/\/refleks-olieovne.dk\/wp-content\/uploads\/2022\/12\/logo-refleks-white.png\",\"width\":374,\"height\":98,\"caption\":\"Refleks Olieovne A\/S\"},\"image\":{\"@id\":\"https:\/\/refleks-olieovne.dk\/de\/#\/schema\/logo\/image\/\"}}]}<\/script>\n<!-- \/ Yoast SEO plugin. -->","yoast_head_json":{"title":"Katalog &middot; Refleks Olieovne A\/S","robots":{"index":"index","follow":"follow","max-snippet":"max-snippet:-1","max-image-preview":"max-image-preview:large","max-video-preview":"max-video-preview:-1"},"canonical":"https:\/\/refleks-olieovne.dk\/de\/katalog\/","og_locale":"de_DE","og_type":"article","og_title":"Katalog &middot; Refleks Olieovne A\/S","og_description":"[vc_row full_width=&#8220;stretch_row&#8220;][vc_column][vc_row_inner][vc_column_inner offset=&#8220;vc_col-lg-8 vc_col-md-8 vc_col-xs-12&#8243;][vc_column_text] Katalog Um das PDF-Format in Ihrem Browser lesen zu k\u00f6nnen, m\u00fcssen Sie ein Plug-in, Adobe Acrobat Reader, installiert haben. Wenn Sie dieses Plug-in noch nicht haben, k\u00f6nnen Sie es hier herunterladen. Katalog herunterladen[\/vc_column_text][\/vc_column_inner][vc_column_inner offset=&#8220;vc_col-lg-4 vc_col-md-4 vc_col-xs-12&#8243;][\/vc_column_inner][\/vc_row_inner][\/vc_column][\/vc_row]","og_url":"https:\/\/refleks-olieovne.dk\/de\/katalog\/","og_site_name":"Refleks Olieovne A\/S","article_modified_time":"2024-01-19T14:13:17+00:00","twitter_card":"summary_large_image","twitter_misc":{"Gesch\u00e4tzte Lesezeit":"1\u00a0Minute"},"schema":{"@context":"https:\/\/schema.org","@graph":[{"@type":"WebPage","@id":"https:\/\/refleks-olieovne.dk\/de\/katalog\/","url":"https:\/\/refleks-olieovne.dk\/de\/katalog\/","name":"Katalog &middot; Refleks Olieovne A\/S","isPartOf":{"@id":"https:\/\/refleks-olieovne.dk\/de\/#website"},"datePublished":"2022-12-20T07:49:53+00:00","dateModified":"2024-01-19T14:13:17+00:00","breadcrumb":{"@id":"https:\/\/refleks-olieovne.dk\/de\/katalog\/#breadcrumb"},"inLanguage":"de","potentialAction":[{"@type":"ReadAction","target":["https:\/\/refleks-olieovne.dk\/de\/katalog\/"]}]},{"@type":"BreadcrumbList","@id":"https:\/\/refleks-olieovne.dk\/de\/katalog\/#breadcrumb","itemListElement":[{"@type":"ListItem","position":1,"name":"Hjem","item":"https:\/\/refleks-olieovne.dk\/de\/"},{"@type":"ListItem","position":2,"name":"Katalog"}]},{"@type":"WebSite","@id":"https:\/\/refleks-olieovne.dk\/de\/#website","url":"https:\/\/refleks-olieovne.dk\/de\/","name":"Refleks Olieovne A\/S","description":"Refleks Olieovne og skibsovne","publisher":{"@id":"https:\/\/refleks-olieovne.dk\/de\/#organization"},"potentialAction":[{"@type":"SearchAction","target":{"@type":"EntryPoint","urlTemplate":"https:\/\/refleks-olieovne.dk\/de\/?s={search_term_string}"},"query-input":"required name=search_term_string"}],"inLanguage":"de"},{"@type":"Organization","@id":"https:\/\/refleks-olieovne.dk\/de\/#organization","name":"Refleks Olieovne A\/S","url":"https:\/\/refleks-olieovne.dk\/de\/","logo":{"@type":"ImageObject","inLanguage":"de","@id":"https:\/\/refleks-olieovne.dk\/de\/#\/schema\/logo\/image\/","url":"https:\/\/refleks-olieovne.dk\/wp-content\/uploads\/2022\/12\/logo-refleks-white.png","contentUrl":"https:\/\/refleks-olieovne.dk\/wp-content\/uploads\/2022\/12\/logo-refleks-white.png","width":374,"height":98,"caption":"Refleks Olieovne A\/S"},"image":{"@id":"https:\/\/refleks-olieovne.dk\/de\/#\/schema\/logo\/image\/"}}]}},"_links":{"self":[{"href":"https:\/\/refleks-olieovne.dk\/de\/wp-json\/wp\/v2\/pages\/4090"}],"collection":[{"href":"https:\/\/refleks-olieovne.dk\/de\/wp-json\/wp\/v2\/pages"}],"about":[{"href":"https:\/\/refleks-olieovne.dk\/de\/wp-json\/wp\/v2\/types\/page"}],"author":[{"embeddable":true,"href":"https:\/\/refleks-olieovne.dk\/de\/wp-json\/wp\/v2\/users\/1"}],"replies":[{"embeddable":true,"href":"https:\/\/refleks-olieovne.dk\/de\/wp-json\/wp\/v2\/comments?post=4090"}],"version-history":[{"count":3,"href":"https:\/\/refleks-olieovne.dk\/de\/wp-json\/wp\/v2\/pages\/4090\/revisions"}],"predecessor-version":[{"id":4350,"href":"https:\/\/refleks-olieovne.dk\/de\/wp-json\/wp\/v2\/pages\/4090\/revisions\/4350"}],"wp:attachment":[{"href":"https:\/\/refleks-olieovne.dk\/de\/wp-json\/wp\/v2\/media?parent=4090"}],"wp:term":[{"taxonomy":"category","embeddable":true,"href":"https:\/\/refleks-olieovne.dk\/de\/wp-json\/wp\/v2\/categories?post=4090"}],"curies":[{"name":"wp","href":"https:\/\/api.w.org\/{rel}","templated":true}]}}