{"id":4101,"date":"2022-12-20T08:49:54","date_gmt":"2022-12-20T07:49:54","guid":{"rendered":"https:\/\/refleks-olieovne.dk\/messen-fuer-kamin\/"},"modified":"2023-01-23T09:06:25","modified_gmt":"2023-01-23T08:06:25","slug":"messen-fuer-kamin","status":"publish","type":"page","link":"https:\/\/refleks-olieovne.dk\/de\/messen-fuer-kamin\/","title":{"rendered":"Messen f\u00fcr Kamin"},"content":{"rendered":"<section class=\"wpb-content-wrapper\"><p>[vc_row full_width=&#8220;stretch_row&#8220;][vc_column]<div class=\"ult-spacer spacer-69e18a1270d9e\" data-id=\"69e18a1270d9e\" data-height=\"90\" data-height-mobile=\"60\" data-height-tab=\"90\" data-height-tab-portrait=\"60\" data-height-mobile-landscape=\"60\" style=\"clear:both;display:block;\"><\/div>[vc_row_inner][vc_column_inner offset=&#8220;vc_col-lg-8 vc_col-md-8 vc_col-xs-12&#8243;][vc_column_text]<\/p>\n<h1>Messen f\u00fcr Kamin<\/h1>\n<p>Notwendige Informationen zur Empfehlung eines geeigneten Heizsystems und evtl Bieten!<\/p>\n<ol>\n<li>Anzahl der zu beheizenden m3?<\/li>\n<li>Muss der Ofen gleichzeitig Heizk\u00f6rper heizen?<\/li>\n<li>Wie viele R\u00e4ume m\u00fcssen beheizt werden und wie viele m3?<\/li>\n<li>Ist der gew\u00fcnschte zu beheizende Bereich isoliert?<\/li>\n<li>Sollte der Ofen evtl Nur verwendet, um den gew\u00fcnschten Bereich trocken und frostfrei zu halten?<\/li>\n<li>Soll der Kraftstoff Diesel oder Kerosin sein?<\/li>\n<li>Messen Sie die Abst\u00e4nde auf der beigef\u00fcgten Zeichnung.<\/li>\n<li>Gibt es eine Zeichnung etc. Skizze des Bootes, des Hauses, des Schuppens, der Garage, des Zeltes, des Wohnwagens usw.?<\/li>\n<\/ol>\n<p><a href=\"\/wp-content\/uploads\/2022\/12\/alm-oplysninger-ts.pdf\" target=\"_blank\" rel=\"noopener\">Messen f\u00fcr Kamin<\/a>[\/vc_column_text][vc_empty_space height=&#8220;30px&#8220;][vc_single_image image=&#8220;3545&#8243; img_size=&#8220;full&#8220; onclick=&#8220;link_image&#8220;][\/vc_column_inner][vc_column_inner offset=&#8220;vc_col-lg-4 vc_col-md-4 vc_col-xs-12&#8243;][\/vc_column_inner][\/vc_row_inner]<div class=\"ult-spacer spacer-69e18a1270de0\" data-id=\"69e18a1270de0\" data-height=\"90\" data-height-mobile=\"60\" data-height-tab=\"90\" data-height-tab-portrait=\"60\" data-height-mobile-landscape=\"60\" style=\"clear:both;display:block;\"><\/div>[\/vc_column][\/vc_row]<\/p>\n<\/section>","protected":false},"excerpt":{"rendered":"<p>[vc_row full_width=&#8220;stretch_row&#8220;][vc_column][vc_row_inner][vc_column_inner offset=&#8220;vc_col-lg-8 vc_col-md-8 vc_col-xs-12&#8243;][vc_column_text] Messen f\u00fcr Kamin Notwendige Informationen zur Empfehlung eines geeigneten Heizsystems und evtl Bieten! Anzahl der zu beheizenden m3? Muss der Ofen gleichzeitig Heizk\u00f6rper heizen? Wie viele R\u00e4ume m\u00fcssen beheizt werden und wie viele m3? Ist der gew\u00fcnschte zu beheizende Bereich isoliert? Sollte der Ofen evtl Nur verwendet, um den gew\u00fcnschten &#8230; <a title=\"Messen f\u00fcr Kamin\" class=\"read-more\" href=\"https:\/\/refleks-olieovne.dk\/de\/messen-fuer-kamin\/\" aria-label=\"Mehr zu Messen f\u00fcr Kamin\">Weiterlesen &#8230;<\/a><\/p>\n","protected":false},"author":1,"featured_media":0,"parent":0,"menu_order":8,"comment_status":"closed","ping_status":"closed","template":"","meta":{"footnotes":""},"categories":[],"acf":[],"yoast_head":"<!-- This site is optimized with the Yoast SEO plugin v20.10 - https:\/\/yoast.com\/wordpress\/plugins\/seo\/ -->\n<title>Messen f\u00fcr Kamin &middot; Refleks Olieovne A\/S<\/title>\n<meta name=\"robots\" content=\"index, follow, max-snippet:-1, max-image-preview:large, max-video-preview:-1\" \/>\n<link rel=\"canonical\" href=\"https:\/\/refleks-olieovne.dk\/de\/messen-fuer-kamin\/\" \/>\n<meta property=\"og:locale\" content=\"de_DE\" \/>\n<meta property=\"og:type\" content=\"article\" \/>\n<meta property=\"og:title\" content=\"Messen f\u00fcr Kamin &middot; Refleks Olieovne A\/S\" \/>\n<meta property=\"og:description\" content=\"[vc_row full_width=&#8220;stretch_row&#8220;][vc_column][vc_row_inner][vc_column_inner offset=&#8220;vc_col-lg-8 vc_col-md-8 vc_col-xs-12&#8243;][vc_column_text] Messen f\u00fcr Kamin Notwendige Informationen zur Empfehlung eines geeigneten Heizsystems und evtl Bieten! Anzahl der zu beheizenden m3? Muss der Ofen gleichzeitig Heizk\u00f6rper heizen? Wie viele R\u00e4ume m\u00fcssen beheizt werden und wie viele m3? Ist der gew\u00fcnschte zu beheizende Bereich isoliert? Sollte der Ofen evtl Nur verwendet, um den gew\u00fcnschten ... Weiterlesen ...\" \/>\n<meta property=\"og:url\" content=\"https:\/\/refleks-olieovne.dk\/de\/messen-fuer-kamin\/\" \/>\n<meta property=\"og:site_name\" content=\"Refleks Olieovne A\/S\" \/>\n<meta property=\"article:modified_time\" content=\"2023-01-23T08:06:25+00:00\" \/>\n<meta name=\"twitter:card\" content=\"summary_large_image\" \/>\n<meta name=\"twitter:label1\" content=\"Gesch\u00e4tzte Lesezeit\" \/>\n\t<meta name=\"twitter:data1\" content=\"1\u00a0Minute\" \/>\n<script type=\"application\/ld+json\" class=\"yoast-schema-graph\">{\"@context\":\"https:\/\/schema.org\",\"@graph\":[{\"@type\":\"WebPage\",\"@id\":\"https:\/\/refleks-olieovne.dk\/de\/messen-fuer-kamin\/\",\"url\":\"https:\/\/refleks-olieovne.dk\/de\/messen-fuer-kamin\/\",\"name\":\"Messen f\u00fcr Kamin &middot; Refleks Olieovne A\/S\",\"isPartOf\":{\"@id\":\"https:\/\/refleks-olieovne.dk\/de\/#website\"},\"datePublished\":\"2022-12-20T07:49:54+00:00\",\"dateModified\":\"2023-01-23T08:06:25+00:00\",\"breadcrumb\":{\"@id\":\"https:\/\/refleks-olieovne.dk\/de\/messen-fuer-kamin\/#breadcrumb\"},\"inLanguage\":\"de\",\"potentialAction\":[{\"@type\":\"ReadAction\",\"target\":[\"https:\/\/refleks-olieovne.dk\/de\/messen-fuer-kamin\/\"]}]},{\"@type\":\"BreadcrumbList\",\"@id\":\"https:\/\/refleks-olieovne.dk\/de\/messen-fuer-kamin\/#breadcrumb\",\"itemListElement\":[{\"@type\":\"ListItem\",\"position\":1,\"name\":\"Hjem\",\"item\":\"https:\/\/refleks-olieovne.dk\/de\/\"},{\"@type\":\"ListItem\",\"position\":2,\"name\":\"Messen f\u00fcr Kamin\"}]},{\"@type\":\"WebSite\",\"@id\":\"https:\/\/refleks-olieovne.dk\/de\/#website\",\"url\":\"https:\/\/refleks-olieovne.dk\/de\/\",\"name\":\"Refleks Olieovne A\/S\",\"description\":\"Refleks Olieovne og skibsovne\",\"publisher\":{\"@id\":\"https:\/\/refleks-olieovne.dk\/de\/#organization\"},\"potentialAction\":[{\"@type\":\"SearchAction\",\"target\":{\"@type\":\"EntryPoint\",\"urlTemplate\":\"https:\/\/refleks-olieovne.dk\/de\/?s={search_term_string}\"},\"query-input\":\"required name=search_term_string\"}],\"inLanguage\":\"de\"},{\"@type\":\"Organization\",\"@id\":\"https:\/\/refleks-olieovne.dk\/de\/#organization\",\"name\":\"Refleks Olieovne A\/S\",\"url\":\"https:\/\/refleks-olieovne.dk\/de\/\",\"logo\":{\"@type\":\"ImageObject\",\"inLanguage\":\"de\",\"@id\":\"https:\/\/refleks-olieovne.dk\/de\/#\/schema\/logo\/image\/\",\"url\":\"https:\/\/refleks-olieovne.dk\/wp-content\/uploads\/2022\/12\/logo-refleks-white.png\",\"contentUrl\":\"https:\/\/refleks-olieovne.dk\/wp-content\/uploads\/2022\/12\/logo-refleks-white.png\",\"width\":374,\"height\":98,\"caption\":\"Refleks Olieovne A\/S\"},\"image\":{\"@id\":\"https:\/\/refleks-olieovne.dk\/de\/#\/schema\/logo\/image\/\"}}]}<\/script>\n<!-- \/ Yoast SEO plugin. -->","yoast_head_json":{"title":"Messen f\u00fcr Kamin &middot; Refleks Olieovne A\/S","robots":{"index":"index","follow":"follow","max-snippet":"max-snippet:-1","max-image-preview":"max-image-preview:large","max-video-preview":"max-video-preview:-1"},"canonical":"https:\/\/refleks-olieovne.dk\/de\/messen-fuer-kamin\/","og_locale":"de_DE","og_type":"article","og_title":"Messen f\u00fcr Kamin &middot; Refleks Olieovne A\/S","og_description":"[vc_row full_width=&#8220;stretch_row&#8220;][vc_column][vc_row_inner][vc_column_inner offset=&#8220;vc_col-lg-8 vc_col-md-8 vc_col-xs-12&#8243;][vc_column_text] Messen f\u00fcr Kamin Notwendige Informationen zur Empfehlung eines geeigneten Heizsystems und evtl Bieten! Anzahl der zu beheizenden m3? Muss der Ofen gleichzeitig Heizk\u00f6rper heizen? Wie viele R\u00e4ume m\u00fcssen beheizt werden und wie viele m3? Ist der gew\u00fcnschte zu beheizende Bereich isoliert? Sollte der Ofen evtl Nur verwendet, um den gew\u00fcnschten ... Weiterlesen ...","og_url":"https:\/\/refleks-olieovne.dk\/de\/messen-fuer-kamin\/","og_site_name":"Refleks Olieovne A\/S","article_modified_time":"2023-01-23T08:06:25+00:00","twitter_card":"summary_large_image","twitter_misc":{"Gesch\u00e4tzte Lesezeit":"1\u00a0Minute"},"schema":{"@context":"https:\/\/schema.org","@graph":[{"@type":"WebPage","@id":"https:\/\/refleks-olieovne.dk\/de\/messen-fuer-kamin\/","url":"https:\/\/refleks-olieovne.dk\/de\/messen-fuer-kamin\/","name":"Messen f\u00fcr Kamin &middot; Refleks Olieovne A\/S","isPartOf":{"@id":"https:\/\/refleks-olieovne.dk\/de\/#website"},"datePublished":"2022-12-20T07:49:54+00:00","dateModified":"2023-01-23T08:06:25+00:00","breadcrumb":{"@id":"https:\/\/refleks-olieovne.dk\/de\/messen-fuer-kamin\/#breadcrumb"},"inLanguage":"de","potentialAction":[{"@type":"ReadAction","target":["https:\/\/refleks-olieovne.dk\/de\/messen-fuer-kamin\/"]}]},{"@type":"BreadcrumbList","@id":"https:\/\/refleks-olieovne.dk\/de\/messen-fuer-kamin\/#breadcrumb","itemListElement":[{"@type":"ListItem","position":1,"name":"Hjem","item":"https:\/\/refleks-olieovne.dk\/de\/"},{"@type":"ListItem","position":2,"name":"Messen f\u00fcr Kamin"}]},{"@type":"WebSite","@id":"https:\/\/refleks-olieovne.dk\/de\/#website","url":"https:\/\/refleks-olieovne.dk\/de\/","name":"Refleks Olieovne A\/S","description":"Refleks Olieovne og skibsovne","publisher":{"@id":"https:\/\/refleks-olieovne.dk\/de\/#organization"},"potentialAction":[{"@type":"SearchAction","target":{"@type":"EntryPoint","urlTemplate":"https:\/\/refleks-olieovne.dk\/de\/?s={search_term_string}"},"query-input":"required name=search_term_string"}],"inLanguage":"de"},{"@type":"Organization","@id":"https:\/\/refleks-olieovne.dk\/de\/#organization","name":"Refleks Olieovne A\/S","url":"https:\/\/refleks-olieovne.dk\/de\/","logo":{"@type":"ImageObject","inLanguage":"de","@id":"https:\/\/refleks-olieovne.dk\/de\/#\/schema\/logo\/image\/","url":"https:\/\/refleks-olieovne.dk\/wp-content\/uploads\/2022\/12\/logo-refleks-white.png","contentUrl":"https:\/\/refleks-olieovne.dk\/wp-content\/uploads\/2022\/12\/logo-refleks-white.png","width":374,"height":98,"caption":"Refleks Olieovne A\/S"},"image":{"@id":"https:\/\/refleks-olieovne.dk\/de\/#\/schema\/logo\/image\/"}}]}},"_links":{"self":[{"href":"https:\/\/refleks-olieovne.dk\/de\/wp-json\/wp\/v2\/pages\/4101"}],"collection":[{"href":"https:\/\/refleks-olieovne.dk\/de\/wp-json\/wp\/v2\/pages"}],"about":[{"href":"https:\/\/refleks-olieovne.dk\/de\/wp-json\/wp\/v2\/types\/page"}],"author":[{"embeddable":true,"href":"https:\/\/refleks-olieovne.dk\/de\/wp-json\/wp\/v2\/users\/1"}],"replies":[{"embeddable":true,"href":"https:\/\/refleks-olieovne.dk\/de\/wp-json\/wp\/v2\/comments?post=4101"}],"version-history":[{"count":2,"href":"https:\/\/refleks-olieovne.dk\/de\/wp-json\/wp\/v2\/pages\/4101\/revisions"}],"predecessor-version":[{"id":4103,"href":"https:\/\/refleks-olieovne.dk\/de\/wp-json\/wp\/v2\/pages\/4101\/revisions\/4103"}],"wp:attachment":[{"href":"https:\/\/refleks-olieovne.dk\/de\/wp-json\/wp\/v2\/media?parent=4101"}],"wp:term":[{"taxonomy":"category","embeddable":true,"href":"https:\/\/refleks-olieovne.dk\/de\/wp-json\/wp\/v2\/categories?post=4101"}],"curies":[{"name":"wp","href":"https:\/\/api.w.org\/{rel}","templated":true}]}}