{"id":4105,"date":"2022-12-20T08:49:54","date_gmt":"2022-12-20T07:49:54","guid":{"rendered":"https:\/\/refleks-olieovne.dk\/entwurf-fuer-installation\/"},"modified":"2023-01-23T09:13:45","modified_gmt":"2023-01-23T08:13:45","slug":"entwurf-fuer-installation","status":"publish","type":"page","link":"https:\/\/refleks-olieovne.dk\/de\/entwurf-fuer-installation\/","title":{"rendered":"Entwurf f\u00fcr Installation"},"content":{"rendered":"<section class=\"wpb-content-wrapper\"><p>[vc_row full_width=&#8220;stretch_row&#8220;][vc_column]<div class=\"ult-spacer spacer-69dfde22e27b2\" data-id=\"69dfde22e27b2\" data-height=\"90\" data-height-mobile=\"60\" data-height-tab=\"90\" data-height-tab-portrait=\"60\" data-height-mobile-landscape=\"60\" style=\"clear:both;display:block;\"><\/div>[vc_row_inner][vc_column_inner offset=&#8220;vc_col-lg-8 vc_col-md-8 vc_col-xs-12&#8243;][vc_column_text]<\/p>\n<h1>Entwurf f\u00fcr Installation<\/h1>\n<h2>Eine einfache Bootsheizung<\/h2>\n<p>Jetzt, zur kalten Jahreszeit, denkt man gern an die Vorteile einer Heizung im Boot, sie es schon an Land oder noch im Wasser. Nachstehend sehen Sie geeignete Typen und Installationsweisen eines Schiffsofens mit Schalenbrenner, der keinen Strom verbraucht.[\/vc_column_text][\/vc_column_inner][vc_column_inner offset=&#8220;vc_col-lg-4 vc_col-md-4 vc_col-xs-12&#8243;][\/vc_column_inner][\/vc_row_inner]<div class=\"ult-spacer spacer-69dfde22e280a\" data-id=\"69dfde22e280a\" data-height=\"60\" data-height-mobile=\"30\" data-height-tab=\"60\" data-height-tab-portrait=\"30\" data-height-mobile-landscape=\"30\" style=\"clear:both;display:block;\"><\/div>[vc_row_inner][vc_column_inner width=&#8220;1\/3&#8243;][vc_single_image image=&#8220;3549&#8243; img_size=&#8220;full&#8220; onclick=&#8220;link_image&#8220;][vc_empty_space height=&#8220;15px&#8220;][vc_column_text]Zentralheizungsanlage mit W\u00e4rmetauscher f\u00fcr das Wasser welches durch die Heizk\u00f6rper l\u00e4uft. Der Schalenbrenner ist einfach und braucht keinen Strom. Geeignet f\u00fcr alle Boote.[\/vc_column_text]<div class=\"ult-spacer spacer-69dfde22e2835\" data-id=\"69dfde22e2835\" data-height=\"0\" data-height-mobile=\"30\" data-height-tab=\"0\" data-height-tab-portrait=\"0\" data-height-mobile-landscape=\"30\" style=\"clear:both;display:block;\"><\/div>[\/vc_column_inner][vc_column_inner width=&#8220;1\/3&#8243;][vc_single_image image=&#8220;3557&#8243; img_size=&#8220;full&#8220; onclick=&#8220;link_image&#8220;][vc_empty_space height=&#8220;15px&#8220;][vc_column_text]Das Diesel\u00f6l l\u00e4uft vom Tank durch den Regulator, \u201eD\u201c, in den Schalenbrenner auf dessen Boden es einen d\u00fcnnen Film bildet und gleichm\u00e4\u00dfig verbrennt. Der Ofen vertr\u00e4gt Rollbewegungen, jedoch keine st\u00e4ndige Kr\u00e4ngung, bei der das \u00d6l auf eine Seite l\u00e4uft.[\/vc_column_text]<div class=\"ult-spacer spacer-69dfde22e285b\" data-id=\"69dfde22e285b\" data-height=\"0\" data-height-mobile=\"30\" data-height-tab=\"0\" data-height-tab-portrait=\"0\" data-height-mobile-landscape=\"30\" style=\"clear:both;display:block;\"><\/div>[\/vc_column_inner][vc_column_inner width=&#8220;1\/3&#8243;][vc_single_image image=&#8220;3557&#8243; img_size=&#8220;full&#8220; onclick=&#8220;link_image&#8220;][vc_empty_space height=&#8220;15px&#8220;][vc_column_text]Der Ofen sollte nach M\u00f6glichkeit an der k\u00e4ltesten Stelle im Boot platziert werden, z. Bp. beim Niedergang, \u00e4hnlich den Heizk\u00f6rpern unter den Fenstern im Haus. Der kleinste Ofen ist nur ca. 17 cm im Durchmesser und 45 cm hoch.[\/vc_column_text][\/vc_column_inner][\/vc_row_inner]<div class=\"ult-spacer spacer-69dfde22e287f\" data-id=\"69dfde22e287f\" data-height=\"60\" data-height-mobile=\"30\" data-height-tab=\"60\" data-height-tab-portrait=\"30\" data-height-mobile-landscape=\"30\" style=\"clear:both;display:block;\"><\/div>[vc_row_inner][vc_column_inner width=&#8220;1\/3&#8243;][vc_single_image image=&#8220;3555&#8243; img_size=&#8220;full&#8220; onclick=&#8220;link_image&#8220;][vc_empty_space height=&#8220;15px&#8220;][vc_column_text]Der Sicherheitsabstand von Ofen und Abzugsrohr zu brennbarem Material wie Holz, Polyester usw., soll mindestens 10 cm betragen. Bekleiden Sie die Umgebung mit rostfreiem Blech, \u201eE\u201c, dass die W\u00e4rme reflektiert. L\u00e4sst sich der Mindestabstand von 10 cm nicht einhalten, ist zwischen Blech und wand eine Luftschicht \u201eF\u201c zu belassen, die zus\u00e4tzlich mit einer d\u00fcnnen Lage Steinwolle ausgef\u00fcllt werden kann.[\/vc_column_text]<div class=\"ult-spacer spacer-69dfde22e28a0\" data-id=\"69dfde22e28a0\" data-height=\"0\" data-height-mobile=\"30\" data-height-tab=\"0\" data-height-tab-portrait=\"0\" data-height-mobile-landscape=\"30\" style=\"clear:both;display:block;\"><\/div>[\/vc_column_inner][vc_column_inner width=&#8220;1\/3&#8243;][vc_single_image image=&#8220;3554&#8243; img_size=&#8220;full&#8220; onclick=&#8220;link_image&#8220;][vc_empty_space height=&#8220;15px&#8220;][vc_column_text]Windniederschlag von Aufbauten und Segeln k\u00f6nnen gutes Ziehen des Ofens verhindern und ihn eventuell ausblasen. Der Abzug sollte so angebracht werden, dass Schoten und anderes Tauwerk Freigehen. W\u00e4hrend des Segelns kann die Abzugshaube abgenommen und ein Deckel aufgesetzt werden.[\/vc_column_text]<div class=\"ult-spacer spacer-69dfde22e28c1\" data-id=\"69dfde22e28c1\" data-height=\"0\" data-height-mobile=\"30\" data-height-tab=\"0\" data-height-tab-portrait=\"0\" data-height-mobile-landscape=\"30\" style=\"clear:both;display:block;\"><\/div>[\/vc_column_inner][vc_column_inner width=&#8220;1\/3&#8243;][vc_single_image image=&#8220;3553&#8243; img_size=&#8220;full&#8220; onclick=&#8220;link_image&#8220;][vc_empty_space height=&#8220;15px&#8220;][vc_column_text]Bohren Sie zuerst ein 10 mm Loch durch das Dach oder Deck, um die Platzierung des Schornsteins au\u00dfen und innen zu kontrollieren Der Schornstein ist ca. 7 cm im Durchmesser aber das Loch muss 12 cm betragen. Am leichtesten l\u00e4sst es sich mit einer elektrischen Stichs\u00e4ge ausschneiden.[\/vc_column_text][\/vc_column_inner][\/vc_row_inner]<div class=\"ult-spacer spacer-69dfde22e28e0\" data-id=\"69dfde22e28e0\" data-height=\"60\" data-height-mobile=\"30\" data-height-tab=\"60\" data-height-tab-portrait=\"30\" data-height-mobile-landscape=\"30\" style=\"clear:both;display:block;\"><\/div>[vc_row_inner][vc_column_inner width=&#8220;1\/3&#8243;][vc_single_image image=&#8220;3551&#8243; img_size=&#8220;full&#8220; onclick=&#8220;link_image&#8220;][vc_empty_space height=&#8220;15px&#8220;][vc_column_text]Der Ofen wird mit Rundkopf-schrauben auf einer rostfreien Stahlplatte festgeschraubt. An Bord von Berufsfahrzeugen wird eine Auffangwanne verlangt, in der sich eventuell auslaufendes \u00d6l sammeln kann. An der Wanne wird der Ofen befestigt. Um die Verbindung zum Schornstein zu erleichtern, k\u00f6nnen Kniest\u00fccke verschiedener Winkel geliefert werden.[\/vc_column_text]<div class=\"ult-spacer spacer-69dfde22e2900\" data-id=\"69dfde22e2900\" data-height=\"0\" data-height-mobile=\"30\" data-height-tab=\"0\" data-height-tab-portrait=\"0\" data-height-mobile-landscape=\"30\" style=\"clear:both;display:block;\"><\/div>[\/vc_column_inner][vc_column_inner width=&#8220;1\/3&#8243;][vc_single_image image=&#8220;3552&#8243; img_size=&#8220;full&#8220; onclick=&#8220;link_image&#8220;][vc_empty_space height=&#8220;15px&#8220;][vc_column_text]Der Tank aus rostfreiem Stahl wird in passendem Abstand vom Ofen angebracht, mindestens 20 cm \u00fcber der \u00d6lstandsmarke am Regulator und maximal m \u00fcber dieser Marke Eine Schmelzsicherung, \u201eM\u201c wird von dem Regulator eingebaut. \u201eN\u201c ist der \u00dcberlauf f\u00fcr \u00fcbersch\u00fcssiges \u00d6l. \u201e O\u201c ist eine Bel\u00fcft[\/vc_column_text]<div class=\"ult-spacer spacer-69dfde22e291e\" data-id=\"69dfde22e291e\" data-height=\"0\" data-height-mobile=\"30\" data-height-tab=\"0\" data-height-tab-portrait=\"0\" data-height-mobile-landscape=\"30\" style=\"clear:both;display:block;\"><\/div>[\/vc_column_inner][vc_column_inner width=&#8220;1\/3&#8243;][vc_single_image image=&#8220;3550&#8243; img_size=&#8220;full&#8220; onclick=&#8220;link_image&#8220;][vc_empty_space height=&#8220;15px&#8220;][vc_column_text]Die gew\u00f6hnlichen \u00d6fen mit Schalenbrenner sind ca. 17 bis 35 cm im Durchmesser. Gegen Aufpreis k\u00f6nnen die \u00d6fen mit Kochplatte geliefert werden. \u201eP\u201c Die meisten \u00d6fen k\u00f6nnen mit Kupferspiralen f\u00fcr Zentral-heizung geliefert werden, \u201eQ\u201c. Brennstoff ist f\u00fcr alle \u00d6fen Diesel\u00f6l. Auf Bestellung k\u00f6nnen die \u00d6fen f\u00fcr Betrieb mit Petroleum geliefert werden.[\/vc_column_text][\/vc_column_inner][\/vc_row_inner]<div class=\"ult-spacer spacer-69dfde22e293c\" data-id=\"69dfde22e293c\" data-height=\"90\" data-height-mobile=\"60\" data-height-tab=\"90\" data-height-tab-portrait=\"60\" data-height-mobile-landscape=\"60\" style=\"clear:both;display:block;\"><\/div>[\/vc_column][\/vc_row]<\/p>\n<\/section>","protected":false},"excerpt":{"rendered":"<p>[vc_row full_width=&#8220;stretch_row&#8220;][vc_column][vc_row_inner][vc_column_inner offset=&#8220;vc_col-lg-8 vc_col-md-8 vc_col-xs-12&#8243;][vc_column_text] Entwurf f\u00fcr Installation Eine einfache Bootsheizung Jetzt, zur kalten Jahreszeit, denkt man gern an die Vorteile einer Heizung im Boot, sie es schon an Land oder noch im Wasser. Nachstehend sehen Sie geeignete Typen und Installationsweisen eines Schiffsofens mit Schalenbrenner, der keinen Strom verbraucht.[\/vc_column_text][\/vc_column_inner][vc_column_inner offset=&#8220;vc_col-lg-4 vc_col-md-4 vc_col-xs-12&#8243;][\/vc_column_inner][\/vc_row_inner][vc_row_inner][vc_column_inner width=&#8220;1\/3&#8243;][vc_single_image image=&#8220;3549&#8243; img_size=&#8220;full&#8220; &#8230; <a title=\"Entwurf f\u00fcr Installation\" class=\"read-more\" href=\"https:\/\/refleks-olieovne.dk\/de\/entwurf-fuer-installation\/\" aria-label=\"Mehr zu Entwurf f\u00fcr Installation\">Weiterlesen &#8230;<\/a><\/p>\n","protected":false},"author":1,"featured_media":0,"parent":0,"menu_order":11,"comment_status":"closed","ping_status":"closed","template":"","meta":{"footnotes":""},"categories":[],"acf":[],"yoast_head":"<!-- This site is optimized with the Yoast SEO plugin v20.10 - https:\/\/yoast.com\/wordpress\/plugins\/seo\/ -->\n<title>Entwurf f\u00fcr Installation &middot; Refleks Olieovne A\/S<\/title>\n<meta name=\"robots\" content=\"index, follow, max-snippet:-1, max-image-preview:large, max-video-preview:-1\" \/>\n<link rel=\"canonical\" href=\"https:\/\/refleks-olieovne.dk\/de\/entwurf-fuer-installation\/\" \/>\n<meta property=\"og:locale\" content=\"de_DE\" \/>\n<meta property=\"og:type\" content=\"article\" \/>\n<meta property=\"og:title\" content=\"Entwurf f\u00fcr Installation &middot; Refleks Olieovne A\/S\" \/>\n<meta property=\"og:description\" content=\"[vc_row full_width=&#8220;stretch_row&#8220;][vc_column][vc_row_inner][vc_column_inner offset=&#8220;vc_col-lg-8 vc_col-md-8 vc_col-xs-12&#8243;][vc_column_text] Entwurf f\u00fcr Installation Eine einfache Bootsheizung Jetzt, zur kalten Jahreszeit, denkt man gern an die Vorteile einer Heizung im Boot, sie es schon an Land oder noch im Wasser. Nachstehend sehen Sie geeignete Typen und Installationsweisen eines Schiffsofens mit Schalenbrenner, der keinen Strom verbraucht.[\/vc_column_text][\/vc_column_inner][vc_column_inner offset=&#8220;vc_col-lg-4 vc_col-md-4 vc_col-xs-12&#8243;][\/vc_column_inner][\/vc_row_inner][vc_row_inner][vc_column_inner width=&#8220;1\/3&#8243;][vc_single_image image=&#8220;3549&#8243; img_size=&#8220;full&#8220; ... Weiterlesen ...\" \/>\n<meta property=\"og:url\" content=\"https:\/\/refleks-olieovne.dk\/de\/entwurf-fuer-installation\/\" \/>\n<meta property=\"og:site_name\" content=\"Refleks Olieovne A\/S\" \/>\n<meta property=\"article:modified_time\" content=\"2023-01-23T08:13:45+00:00\" \/>\n<meta name=\"twitter:card\" content=\"summary_large_image\" \/>\n<meta name=\"twitter:label1\" content=\"Gesch\u00e4tzte Lesezeit\" \/>\n\t<meta name=\"twitter:data1\" content=\"5\u00a0Minuten\" \/>\n<script type=\"application\/ld+json\" class=\"yoast-schema-graph\">{\"@context\":\"https:\/\/schema.org\",\"@graph\":[{\"@type\":\"WebPage\",\"@id\":\"https:\/\/refleks-olieovne.dk\/de\/entwurf-fuer-installation\/\",\"url\":\"https:\/\/refleks-olieovne.dk\/de\/entwurf-fuer-installation\/\",\"name\":\"Entwurf f\u00fcr Installation &middot; Refleks Olieovne A\/S\",\"isPartOf\":{\"@id\":\"https:\/\/refleks-olieovne.dk\/de\/#website\"},\"datePublished\":\"2022-12-20T07:49:54+00:00\",\"dateModified\":\"2023-01-23T08:13:45+00:00\",\"breadcrumb\":{\"@id\":\"https:\/\/refleks-olieovne.dk\/de\/entwurf-fuer-installation\/#breadcrumb\"},\"inLanguage\":\"de\",\"potentialAction\":[{\"@type\":\"ReadAction\",\"target\":[\"https:\/\/refleks-olieovne.dk\/de\/entwurf-fuer-installation\/\"]}]},{\"@type\":\"BreadcrumbList\",\"@id\":\"https:\/\/refleks-olieovne.dk\/de\/entwurf-fuer-installation\/#breadcrumb\",\"itemListElement\":[{\"@type\":\"ListItem\",\"position\":1,\"name\":\"Hjem\",\"item\":\"https:\/\/refleks-olieovne.dk\/de\/\"},{\"@type\":\"ListItem\",\"position\":2,\"name\":\"Entwurf f\u00fcr Installation\"}]},{\"@type\":\"WebSite\",\"@id\":\"https:\/\/refleks-olieovne.dk\/de\/#website\",\"url\":\"https:\/\/refleks-olieovne.dk\/de\/\",\"name\":\"Refleks Olieovne A\/S\",\"description\":\"Refleks Olieovne og skibsovne\",\"publisher\":{\"@id\":\"https:\/\/refleks-olieovne.dk\/de\/#organization\"},\"potentialAction\":[{\"@type\":\"SearchAction\",\"target\":{\"@type\":\"EntryPoint\",\"urlTemplate\":\"https:\/\/refleks-olieovne.dk\/de\/?s={search_term_string}\"},\"query-input\":\"required name=search_term_string\"}],\"inLanguage\":\"de\"},{\"@type\":\"Organization\",\"@id\":\"https:\/\/refleks-olieovne.dk\/de\/#organization\",\"name\":\"Refleks Olieovne A\/S\",\"url\":\"https:\/\/refleks-olieovne.dk\/de\/\",\"logo\":{\"@type\":\"ImageObject\",\"inLanguage\":\"de\",\"@id\":\"https:\/\/refleks-olieovne.dk\/de\/#\/schema\/logo\/image\/\",\"url\":\"https:\/\/refleks-olieovne.dk\/wp-content\/uploads\/2022\/12\/logo-refleks-white.png\",\"contentUrl\":\"https:\/\/refleks-olieovne.dk\/wp-content\/uploads\/2022\/12\/logo-refleks-white.png\",\"width\":374,\"height\":98,\"caption\":\"Refleks Olieovne A\/S\"},\"image\":{\"@id\":\"https:\/\/refleks-olieovne.dk\/de\/#\/schema\/logo\/image\/\"}}]}<\/script>\n<!-- \/ Yoast SEO plugin. -->","yoast_head_json":{"title":"Entwurf f\u00fcr Installation &middot; Refleks Olieovne A\/S","robots":{"index":"index","follow":"follow","max-snippet":"max-snippet:-1","max-image-preview":"max-image-preview:large","max-video-preview":"max-video-preview:-1"},"canonical":"https:\/\/refleks-olieovne.dk\/de\/entwurf-fuer-installation\/","og_locale":"de_DE","og_type":"article","og_title":"Entwurf f\u00fcr Installation &middot; Refleks Olieovne A\/S","og_description":"[vc_row full_width=&#8220;stretch_row&#8220;][vc_column][vc_row_inner][vc_column_inner offset=&#8220;vc_col-lg-8 vc_col-md-8 vc_col-xs-12&#8243;][vc_column_text] Entwurf f\u00fcr Installation Eine einfache Bootsheizung Jetzt, zur kalten Jahreszeit, denkt man gern an die Vorteile einer Heizung im Boot, sie es schon an Land oder noch im Wasser. Nachstehend sehen Sie geeignete Typen und Installationsweisen eines Schiffsofens mit Schalenbrenner, der keinen Strom verbraucht.[\/vc_column_text][\/vc_column_inner][vc_column_inner offset=&#8220;vc_col-lg-4 vc_col-md-4 vc_col-xs-12&#8243;][\/vc_column_inner][\/vc_row_inner][vc_row_inner][vc_column_inner width=&#8220;1\/3&#8243;][vc_single_image image=&#8220;3549&#8243; img_size=&#8220;full&#8220; ... Weiterlesen ...","og_url":"https:\/\/refleks-olieovne.dk\/de\/entwurf-fuer-installation\/","og_site_name":"Refleks Olieovne A\/S","article_modified_time":"2023-01-23T08:13:45+00:00","twitter_card":"summary_large_image","twitter_misc":{"Gesch\u00e4tzte Lesezeit":"5\u00a0Minuten"},"schema":{"@context":"https:\/\/schema.org","@graph":[{"@type":"WebPage","@id":"https:\/\/refleks-olieovne.dk\/de\/entwurf-fuer-installation\/","url":"https:\/\/refleks-olieovne.dk\/de\/entwurf-fuer-installation\/","name":"Entwurf f\u00fcr Installation &middot; Refleks Olieovne A\/S","isPartOf":{"@id":"https:\/\/refleks-olieovne.dk\/de\/#website"},"datePublished":"2022-12-20T07:49:54+00:00","dateModified":"2023-01-23T08:13:45+00:00","breadcrumb":{"@id":"https:\/\/refleks-olieovne.dk\/de\/entwurf-fuer-installation\/#breadcrumb"},"inLanguage":"de","potentialAction":[{"@type":"ReadAction","target":["https:\/\/refleks-olieovne.dk\/de\/entwurf-fuer-installation\/"]}]},{"@type":"BreadcrumbList","@id":"https:\/\/refleks-olieovne.dk\/de\/entwurf-fuer-installation\/#breadcrumb","itemListElement":[{"@type":"ListItem","position":1,"name":"Hjem","item":"https:\/\/refleks-olieovne.dk\/de\/"},{"@type":"ListItem","position":2,"name":"Entwurf f\u00fcr Installation"}]},{"@type":"WebSite","@id":"https:\/\/refleks-olieovne.dk\/de\/#website","url":"https:\/\/refleks-olieovne.dk\/de\/","name":"Refleks Olieovne A\/S","description":"Refleks Olieovne og skibsovne","publisher":{"@id":"https:\/\/refleks-olieovne.dk\/de\/#organization"},"potentialAction":[{"@type":"SearchAction","target":{"@type":"EntryPoint","urlTemplate":"https:\/\/refleks-olieovne.dk\/de\/?s={search_term_string}"},"query-input":"required name=search_term_string"}],"inLanguage":"de"},{"@type":"Organization","@id":"https:\/\/refleks-olieovne.dk\/de\/#organization","name":"Refleks Olieovne A\/S","url":"https:\/\/refleks-olieovne.dk\/de\/","logo":{"@type":"ImageObject","inLanguage":"de","@id":"https:\/\/refleks-olieovne.dk\/de\/#\/schema\/logo\/image\/","url":"https:\/\/refleks-olieovne.dk\/wp-content\/uploads\/2022\/12\/logo-refleks-white.png","contentUrl":"https:\/\/refleks-olieovne.dk\/wp-content\/uploads\/2022\/12\/logo-refleks-white.png","width":374,"height":98,"caption":"Refleks Olieovne A\/S"},"image":{"@id":"https:\/\/refleks-olieovne.dk\/de\/#\/schema\/logo\/image\/"}}]}},"_links":{"self":[{"href":"https:\/\/refleks-olieovne.dk\/de\/wp-json\/wp\/v2\/pages\/4105"}],"collection":[{"href":"https:\/\/refleks-olieovne.dk\/de\/wp-json\/wp\/v2\/pages"}],"about":[{"href":"https:\/\/refleks-olieovne.dk\/de\/wp-json\/wp\/v2\/types\/page"}],"author":[{"embeddable":true,"href":"https:\/\/refleks-olieovne.dk\/de\/wp-json\/wp\/v2\/users\/1"}],"replies":[{"embeddable":true,"href":"https:\/\/refleks-olieovne.dk\/de\/wp-json\/wp\/v2\/comments?post=4105"}],"version-history":[{"count":2,"href":"https:\/\/refleks-olieovne.dk\/de\/wp-json\/wp\/v2\/pages\/4105\/revisions"}],"predecessor-version":[{"id":4107,"href":"https:\/\/refleks-olieovne.dk\/de\/wp-json\/wp\/v2\/pages\/4105\/revisions\/4107"}],"wp:attachment":[{"href":"https:\/\/refleks-olieovne.dk\/de\/wp-json\/wp\/v2\/media?parent=4105"}],"wp:term":[{"taxonomy":"category","embeddable":true,"href":"https:\/\/refleks-olieovne.dk\/de\/wp-json\/wp\/v2\/categories?post=4105"}],"curies":[{"name":"wp","href":"https:\/\/api.w.org\/{rel}","templated":true}]}}